{"id":1678,"date":"2021-06-07T12:27:17","date_gmt":"2021-06-07T12:27:17","guid":{"rendered":"https:\/\/lgsbroker.lu\/accueil\/"},"modified":"2022-12-08T07:54:31","modified_gmt":"2022-12-08T07:54:31","slug":"accueil","status":"publish","type":"page","link":"https:\/\/lgsbroker.lu\/fr\/","title":{"rendered":"Accueil"},"content":{"rendered":"","protected":false},"excerpt":{"rendered":"","protected":false},"author":1,"featured_media":0,"parent":0,"menu_order":10,"comment_status":"closed","ping_status":"closed","template":"","meta":{"footnotes":""},"acf":[],"yoast_head":"<!-- This site is optimized with the Yoast SEO plugin v22.6 - https:\/\/yoast.com\/wordpress\/plugins\/seo\/ -->\n<title>Bienvenu chez LGS &amp; Partners - Courtiers d&#039;assurance \u00e0 Weiswampach<\/title>\n<meta name=\"description\" content=\"LGS &amp; Partners - Vos courtiers d&#039;assurance au Nord du Grand Duch\u00e9. Couverture d&#039;assurance fiable pour priv\u00e9s &amp; professionnels.\" \/>\n<meta name=\"robots\" content=\"index, follow, max-snippet:-1, max-image-preview:large, max-video-preview:-1\" \/>\n<link rel=\"canonical\" href=\"https:\/\/lgsbroker.lu\/fr\/accueil\/\" \/>\n<meta property=\"og:locale\" content=\"fr_FR\" \/>\n<meta property=\"og:type\" content=\"article\" \/>\n<meta property=\"og:title\" content=\"Bienvenu chez LGS &amp; Partners - Courtiers d&#039;assurance \u00e0 Weiswampach\" \/>\n<meta property=\"og:description\" content=\"LGS &amp; Partners - Vos courtiers d&#039;assurance au Nord du Grand Duch\u00e9. Couverture d&#039;assurance fiable pour priv\u00e9s &amp; professionnels.\" \/>\n<meta property=\"og:url\" content=\"https:\/\/lgsbroker.lu\/fr\/accueil\/\" \/>\n<meta property=\"og:site_name\" content=\"LGS broker\" \/>\n<meta property=\"article:modified_time\" content=\"2022-12-08T07:54:31+00:00\" \/>\n<meta name=\"twitter:card\" content=\"summary_large_image\" \/>\n<script type=\"application\/ld+json\" class=\"yoast-schema-graph\">{\"@context\":\"https:\/\/schema.org\",\"@graph\":[{\"@type\":\"WebPage\",\"@id\":\"https:\/\/lgsbroker.lu\/fr\/accueil\/\",\"url\":\"https:\/\/lgsbroker.lu\/fr\/accueil\/\",\"name\":\"Bienvenu chez LGS & Partners - Courtiers d'assurance \u00e0 Weiswampach\",\"isPartOf\":{\"@id\":\"https:\/\/lgsbroker.lu\/#website\"},\"datePublished\":\"2021-06-07T12:27:17+00:00\",\"dateModified\":\"2022-12-08T07:54:31+00:00\",\"description\":\"LGS & Partners - Vos courtiers d'assurance au Nord du Grand Duch\u00e9. Couverture d'assurance fiable pour priv\u00e9s & professionnels.\",\"breadcrumb\":{\"@id\":\"https:\/\/lgsbroker.lu\/fr\/accueil\/#breadcrumb\"},\"inLanguage\":\"fr-FR\",\"potentialAction\":[{\"@type\":\"ReadAction\",\"target\":[\"https:\/\/lgsbroker.lu\/fr\/accueil\/\"]}]},{\"@type\":\"BreadcrumbList\",\"@id\":\"https:\/\/lgsbroker.lu\/fr\/accueil\/#breadcrumb\",\"itemListElement\":[{\"@type\":\"ListItem\",\"position\":1,\"name\":\"Accueil\",\"item\":\"https:\/\/lgsbroker.lu\/fr\/accueil\/\"},{\"@type\":\"ListItem\",\"position\":2,\"name\":\"Accueil\"}]},{\"@type\":\"WebSite\",\"@id\":\"https:\/\/lgsbroker.lu\/#website\",\"url\":\"https:\/\/lgsbroker.lu\/\",\"name\":\"LGS broker\",\"description\":\"LGS-broker\",\"potentialAction\":[{\"@type\":\"SearchAction\",\"target\":{\"@type\":\"EntryPoint\",\"urlTemplate\":\"https:\/\/lgsbroker.lu\/?s={search_term_string}\"},\"query-input\":\"required name=search_term_string\"}],\"inLanguage\":\"fr-FR\"}]}<\/script>\n<!-- \/ Yoast SEO plugin. -->","yoast_head_json":{"title":"Bienvenu chez LGS & Partners - Courtiers d'assurance \u00e0 Weiswampach","description":"LGS & Partners - Vos courtiers d'assurance au Nord du Grand Duch\u00e9. Couverture d'assurance fiable pour priv\u00e9s & professionnels.","robots":{"index":"index","follow":"follow","max-snippet":"max-snippet:-1","max-image-preview":"max-image-preview:large","max-video-preview":"max-video-preview:-1"},"canonical":"https:\/\/lgsbroker.lu\/fr\/accueil\/","og_locale":"fr_FR","og_type":"article","og_title":"Bienvenu chez LGS & Partners - Courtiers d'assurance \u00e0 Weiswampach","og_description":"LGS & Partners - Vos courtiers d'assurance au Nord du Grand Duch\u00e9. Couverture d'assurance fiable pour priv\u00e9s & professionnels.","og_url":"https:\/\/lgsbroker.lu\/fr\/accueil\/","og_site_name":"LGS broker","article_modified_time":"2022-12-08T07:54:31+00:00","twitter_card":"summary_large_image","schema":{"@context":"https:\/\/schema.org","@graph":[{"@type":"WebPage","@id":"https:\/\/lgsbroker.lu\/fr\/accueil\/","url":"https:\/\/lgsbroker.lu\/fr\/accueil\/","name":"Bienvenu chez LGS & Partners - Courtiers d'assurance \u00e0 Weiswampach","isPartOf":{"@id":"https:\/\/lgsbroker.lu\/#website"},"datePublished":"2021-06-07T12:27:17+00:00","dateModified":"2022-12-08T07:54:31+00:00","description":"LGS & Partners - Vos courtiers d'assurance au Nord du Grand Duch\u00e9. Couverture d'assurance fiable pour priv\u00e9s & professionnels.","breadcrumb":{"@id":"https:\/\/lgsbroker.lu\/fr\/accueil\/#breadcrumb"},"inLanguage":"fr-FR","potentialAction":[{"@type":"ReadAction","target":["https:\/\/lgsbroker.lu\/fr\/accueil\/"]}]},{"@type":"BreadcrumbList","@id":"https:\/\/lgsbroker.lu\/fr\/accueil\/#breadcrumb","itemListElement":[{"@type":"ListItem","position":1,"name":"Accueil","item":"https:\/\/lgsbroker.lu\/fr\/accueil\/"},{"@type":"ListItem","position":2,"name":"Accueil"}]},{"@type":"WebSite","@id":"https:\/\/lgsbroker.lu\/#website","url":"https:\/\/lgsbroker.lu\/","name":"LGS broker","description":"LGS-broker","potentialAction":[{"@type":"SearchAction","target":{"@type":"EntryPoint","urlTemplate":"https:\/\/lgsbroker.lu\/?s={search_term_string}"},"query-input":"required name=search_term_string"}],"inLanguage":"fr-FR"}]}},"_links":{"self":[{"href":"https:\/\/lgsbroker.lu\/fr\/wp-json\/wp\/v2\/pages\/1678"}],"collection":[{"href":"https:\/\/lgsbroker.lu\/fr\/wp-json\/wp\/v2\/pages"}],"about":[{"href":"https:\/\/lgsbroker.lu\/fr\/wp-json\/wp\/v2\/types\/page"}],"author":[{"embeddable":true,"href":"https:\/\/lgsbroker.lu\/fr\/wp-json\/wp\/v2\/users\/1"}],"replies":[{"embeddable":true,"href":"https:\/\/lgsbroker.lu\/fr\/wp-json\/wp\/v2\/comments?post=1678"}],"version-history":[{"count":18,"href":"https:\/\/lgsbroker.lu\/fr\/wp-json\/wp\/v2\/pages\/1678\/revisions"}],"predecessor-version":[{"id":4271,"href":"https:\/\/lgsbroker.lu\/fr\/wp-json\/wp\/v2\/pages\/1678\/revisions\/4271"}],"wp:attachment":[{"href":"https:\/\/lgsbroker.lu\/fr\/wp-json\/wp\/v2\/media?parent=1678"}],"curies":[{"name":"wp","href":"https:\/\/api.w.org\/{rel}","templated":true}]}}